{"id":564,"date":"2025-06-20T06:27:15","date_gmt":"2025-06-20T04:27:15","guid":{"rendered":"https:\/\/schuetzen-verein.de\/?page_id=564"},"modified":"2025-06-20T06:42:34","modified_gmt":"2025-06-20T04:42:34","slug":"ehrenkodex","status":"publish","type":"page","link":"https:\/\/schuetzen-verein.de\/?page_id=564","title":{"rendered":"Ehrenkodex"},"content":{"rendered":"\n<p><\/p>\n\n\n\n<ol class=\"wp-block-list\">\n<li>lch werde die Pers\u00f6nlichkeit jedes Kindes, Jugendlichen und jungen Erwachsenen achten und dessen Entwicklung unterst\u00fctzen. Die individuellen Empfindungen zu N\u00e4he und Distanz, die Intimsph\u00e4re und die pers\u00f6nlichen Schamgrenzen der mir anvertrauten Kinder, Jugendlichen und jungen Erwachsenen sowie die der anderen Vereinsmitglieder werde ich respektieren.<\/li>\n\n\n\n<li>Ich werde den mir anvertrauten Kindern, Jugendlichen und jungen Erwachsenen fairen und respektvollen Umgang miteinander vorleben.<\/li>\n\n\n\n<li>Ich werde sportliche und au\u00dfersportliche Angebote entwicklungsgerecht mit den mir anvertrauten Kindern, Jugendlichen und jungen Erwachsenen durch kinder- und jugendgerechte Methoden umsetzen.<\/li>\n\n\n\n<li>Ich gehe mit Kindern, Jugendlichen und jungen Erwachsenen vertrauensvoll und wertsch\u00e4tzend um.<\/li>\n\n\n\n<li>Ich biete den mir anvertrauten Kindern, Jugendlichen und jungen Erwachsenen Selbst- und Mitbestimmungsm\u00f6glichkeiten f\u00fcr sportliche und au\u00dfersportliche Angebote.<\/li>\n\n\n\n<li>lch werde das Recht des mir anvertrauten Kindes, Jugendlichen und jungen Erwachsenen auf k\u00f6rperliche Unversehrtheit achten und keine Form der Gewalt, sei sie physischer, psychischer oder sexueller Art, aus\u00fcben.<\/li>\n\n\n\n<li>Mir ist bewusst, dass jede sexuelle Handlung an Schutzbefohlenen eine strafbare Handlung ist, die disziplinarische und strafrechtliche Folgen hat.<\/li>\n\n\n\n<li>Ich informiere die Kinder, Jugendlichen und jungen Erwachsenen an wen sie sich wenden k\u00f6nnen, sollte es doch zu \u00dcbergriffen kommen ( Vertrauensperson ).<\/li>\n\n\n\n<li>Ich verpflichte mich einzugreifen, wenn in meinem Umfeld gegen diesen Ehrenkodex versto\u00dfen wird, dieses auf Leitungsebene zu kommunizieren und ziehe ( fachliche ) Unterst\u00fctzung hinzu. Dabei steht der Schutz der mir anvertrauten Kinder, Jugendlichen und jungen Erwachsenen an erster Stelle.<\/li>\n\n\n\n<li>Ich verspreche, mich auch im Umgang mit erwachsenen Mitgliedern des Vereins an diesen Ehrenkodex zu halten.<\/li>\n<\/ol>\n","protected":false},"excerpt":{"rendered":"","protected":false},"author":1,"featured_media":0,"parent":0,"menu_order":0,"comment_status":"closed","ping_status":"closed","template":"","meta":{"site-sidebar-layout":"default","site-content-layout":"","ast-site-content-layout":"default","site-content-style":"default","site-sidebar-style":"default","ast-global-header-display":"","ast-banner-title-visibility":"","ast-main-header-display":"","ast-hfb-above-header-display":"","ast-hfb-below-header-display":"","ast-hfb-mobile-header-display":"","site-post-title":"","ast-breadcrumbs-content":"","ast-featured-img":"","footer-sml-layout":"","ast-disable-related-posts":"","theme-transparent-header-meta":"","adv-header-id-meta":"","stick-header-meta":"","header-above-stick-meta":"","header-main-stick-meta":"","header-below-stick-meta":"","astra-migrate-meta-layouts":"default","ast-page-background-enabled":"default","ast-page-background-meta":{"desktop":{"background-color":"var(--ast-global-color-5)","background-image":"","background-repeat":"repeat","background-position":"center center","background-size":"auto","background-attachment":"scroll","background-type":"","background-media":"","overlay-type":"","overlay-color":"","overlay-opacity":"","overlay-gradient":""},"tablet":{"background-color":"","background-image":"","background-repeat":"repeat","background-position":"center center","background-size":"auto","background-attachment":"scroll","background-type":"","background-media":"","overlay-type":"","overlay-color":"","overlay-opacity":"","overlay-gradient":""},"mobile":{"background-color":"","background-image":"","background-repeat":"repeat","background-position":"center center","background-size":"auto","background-attachment":"scroll","background-type":"","background-media":"","overlay-type":"","overlay-color":"","overlay-opacity":"","overlay-gradient":""}},"ast-content-background-meta":{"desktop":{"background-color":"var(--ast-global-color-4)","background-image":"","background-repeat":"repeat","background-position":"center center","background-size":"auto","background-attachment":"scroll","background-type":"","background-media":"","overlay-type":"","overlay-color":"","overlay-opacity":"","overlay-gradient":""},"tablet":{"background-color":"var(--ast-global-color-4)","background-image":"","background-repeat":"repeat","background-position":"center center","background-size":"auto","background-attachment":"scroll","background-type":"","background-media":"","overlay-type":"","overlay-color":"","overlay-opacity":"","overlay-gradient":""},"mobile":{"background-color":"var(--ast-global-color-4)","background-image":"","background-repeat":"repeat","background-position":"center center","background-size":"auto","background-attachment":"scroll","background-type":"","background-media":"","overlay-type":"","overlay-color":"","overlay-opacity":"","overlay-gradient":""}},"footnotes":""},"class_list":["post-564","page","type-page","status-publish","hentry"],"_links":{"self":[{"href":"https:\/\/schuetzen-verein.de\/index.php?rest_route=\/wp\/v2\/pages\/564","targetHints":{"allow":["GET"]}}],"collection":[{"href":"https:\/\/schuetzen-verein.de\/index.php?rest_route=\/wp\/v2\/pages"}],"about":[{"href":"https:\/\/schuetzen-verein.de\/index.php?rest_route=\/wp\/v2\/types\/page"}],"author":[{"embeddable":true,"href":"https:\/\/schuetzen-verein.de\/index.php?rest_route=\/wp\/v2\/users\/1"}],"replies":[{"embeddable":true,"href":"https:\/\/schuetzen-verein.de\/index.php?rest_route=%2Fwp%2Fv2%2Fcomments&post=564"}],"version-history":[{"count":4,"href":"https:\/\/schuetzen-verein.de\/index.php?rest_route=\/wp\/v2\/pages\/564\/revisions"}],"predecessor-version":[{"id":571,"href":"https:\/\/schuetzen-verein.de\/index.php?rest_route=\/wp\/v2\/pages\/564\/revisions\/571"}],"wp:attachment":[{"href":"https:\/\/schuetzen-verein.de\/index.php?rest_route=%2Fwp%2Fv2%2Fmedia&parent=564"}],"curies":[{"name":"wp","href":"https:\/\/api.w.org\/{rel}","templated":true}]}}