{"id":544,"date":"2025-06-17T20:46:23","date_gmt":"2025-06-17T18:46:23","guid":{"rendered":"https:\/\/schuetzen-verein.de\/?page_id=544"},"modified":"2025-06-20T06:32:42","modified_gmt":"2025-06-20T04:32:42","slug":"du-benoetigst-hilfe","status":"publish","type":"page","link":"https:\/\/schuetzen-verein.de\/?page_id=544","title":{"rendered":"Du ben\u00f6tigst Hilfe?"},"content":{"rendered":"\n<p class=\"has-medium-font-size\"><strong>Pr\u00e4vention vor sexueller Gewalt im Sch\u00fctzenverein L\u00fcerte-Holzhausen e.V.<\/strong><br><\/p>\n\n\n\n<p>Aus Vorsorge und zum Schutz unserer Mitglieder hat sich der Vorstand unseres Vereins gemeinsam mit dem Kreissportbund Landkreis Oldenburg e.V. intensiv mit dem Thema \u201eSexuelle Gewalt im Sport\u201c besch\u00e4ftigt. <\/p>\n\n\n\n<p class=\"has-text-align-left\">Neben einem umfangreichen Leitfaden, einem Ehrenkodex und der Erarbeitung diverser Richtlinien f\u00fcr unsere Vereinsarbeit, stehen f\u00fcr euch als erste Ansprechpartner bei uns<\/p>\n\n\n\n<p class=\"has-text-align-center has-medium-font-size\"><strong>Annika Debbeler und J\u00f6rn Johannsen<\/strong><\/p>\n\n\n\n<p>immer bereit.<br><br>Ferner m\u00f6chten wir alle Mitglieder darauf hinweisen, dass der Kreissportbund eine Beratungsstelle eingerichtet hat. Bei Fragen oder Anliegen steht Nicole Heemann als Ansprechpartner zur Verf\u00fcgung.<\/p>\n\n\n\n<p><br><strong>Wie Du, deine Freundinnen und Freunde Hilfe finden k\u00f6nnt:<\/strong><br>Wir sind f\u00fcr euch da!<br>Wir glauben euch!<br>Wir h\u00f6ren euch zu!<br>Wir sind geschult!<br>Wir stehen unter Schweigepflicht!<br>Wir kennen weitere Hilfen und Fachleute!<br>Wir \u00fcberlegen jeden Schritt nur gemeinsam mit euch!<br><br><strong>Beratungsangebote f\u00fcr Betroffene<\/strong><br><br>Nummer gegen Kummer (f\u00fcr Kinder, Jugendliche und Eltern)<br>Telefon: 116 111 (kostenfrei, rund um die Uhr erreichbar)<br>Webseite: www.nummergegenkummer.de<br><br>Kinderschutzzentrum \/ Kinder- und Jugendtelefon (Telefonische Beratung)<br>Telefon: 0800 111 0 333 (kostenfrei, t\u00e4glich 14-20 Uhr)<br>Webseite: www.telefonseelsorge.de<br><br>Hilfetelefon &#8222;Gewalt gegen Frauen&#8220; (auch f\u00fcr Kinder und Jugendliche)<br>Telefon: 08000 116 016 (kostenfrei, rund um die Uhr erreichbar)<br>Webseite: www.hilfetelefon.de<br><br>KIBIS (Kindesmissbrauchs- und -gewalt-Hotline)<br>Telefon: 0800 22 55 530 (kostenfrei und anonym)<br>Diese Hotline ist speziell f\u00fcr F\u00e4lle von Kindesmissbrauch und -gewalt, auch im Sport.<\/p>\n","protected":false},"excerpt":{"rendered":"<p>Pr\u00e4vention vor sexueller Gewalt im Sch\u00fctzenverein L\u00fcerte-Holzhausen e.V. Aus Vorsorge und zum Schutz unserer Mitglieder hat sich der Vorstand unseres [&hellip;]<\/p>\n","protected":false},"author":1,"featured_media":0,"parent":0,"menu_order":0,"comment_status":"closed","ping_status":"closed","template":"","meta":{"site-sidebar-layout":"default","site-content-layout":"","ast-site-content-layout":"default","site-content-style":"default","site-sidebar-style":"default","ast-global-header-display":"","ast-banner-title-visibility":"","ast-main-header-display":"","ast-hfb-above-header-display":"","ast-hfb-below-header-display":"","ast-hfb-mobile-header-display":"","site-post-title":"","ast-breadcrumbs-content":"","ast-featured-img":"","footer-sml-layout":"","ast-disable-related-posts":"","theme-transparent-header-meta":"","adv-header-id-meta":"","stick-header-meta":"","header-above-stick-meta":"","header-main-stick-meta":"","header-below-stick-meta":"","astra-migrate-meta-layouts":"default","ast-page-background-enabled":"default","ast-page-background-meta":{"desktop":{"background-color":"var(--ast-global-color-5)","background-image":"","background-repeat":"repeat","background-position":"center center","background-size":"auto","background-attachment":"scroll","background-type":"","background-media":"","overlay-type":"","overlay-color":"","overlay-opacity":"","overlay-gradient":""},"tablet":{"background-color":"","background-image":"","background-repeat":"repeat","background-position":"center center","background-size":"auto","background-attachment":"scroll","background-type":"","background-media":"","overlay-type":"","overlay-color":"","overlay-opacity":"","overlay-gradient":""},"mobile":{"background-color":"","background-image":"","background-repeat":"repeat","background-position":"center center","background-size":"auto","background-attachment":"scroll","background-type":"","background-media":"","overlay-type":"","overlay-color":"","overlay-opacity":"","overlay-gradient":""}},"ast-content-background-meta":{"desktop":{"background-color":"var(--ast-global-color-4)","background-image":"","background-repeat":"repeat","background-position":"center center","background-size":"auto","background-attachment":"scroll","background-type":"","background-media":"","overlay-type":"","overlay-color":"","overlay-opacity":"","overlay-gradient":""},"tablet":{"background-color":"var(--ast-global-color-4)","background-image":"","background-repeat":"repeat","background-position":"center center","background-size":"auto","background-attachment":"scroll","background-type":"","background-media":"","overlay-type":"","overlay-color":"","overlay-opacity":"","overlay-gradient":""},"mobile":{"background-color":"var(--ast-global-color-4)","background-image":"","background-repeat":"repeat","background-position":"center center","background-size":"auto","background-attachment":"scroll","background-type":"","background-media":"","overlay-type":"","overlay-color":"","overlay-opacity":"","overlay-gradient":""}},"footnotes":""},"class_list":["post-544","page","type-page","status-publish","hentry"],"_links":{"self":[{"href":"https:\/\/schuetzen-verein.de\/index.php?rest_route=\/wp\/v2\/pages\/544","targetHints":{"allow":["GET"]}}],"collection":[{"href":"https:\/\/schuetzen-verein.de\/index.php?rest_route=\/wp\/v2\/pages"}],"about":[{"href":"https:\/\/schuetzen-verein.de\/index.php?rest_route=\/wp\/v2\/types\/page"}],"author":[{"embeddable":true,"href":"https:\/\/schuetzen-verein.de\/index.php?rest_route=\/wp\/v2\/users\/1"}],"replies":[{"embeddable":true,"href":"https:\/\/schuetzen-verein.de\/index.php?rest_route=%2Fwp%2Fv2%2Fcomments&post=544"}],"version-history":[{"count":5,"href":"https:\/\/schuetzen-verein.de\/index.php?rest_route=\/wp\/v2\/pages\/544\/revisions"}],"predecessor-version":[{"id":569,"href":"https:\/\/schuetzen-verein.de\/index.php?rest_route=\/wp\/v2\/pages\/544\/revisions\/569"}],"wp:attachment":[{"href":"https:\/\/schuetzen-verein.de\/index.php?rest_route=%2Fwp%2Fv2%2Fmedia&parent=544"}],"curies":[{"name":"wp","href":"https:\/\/api.w.org\/{rel}","templated":true}]}}