{"id":540,"date":"2025-06-17T20:46:36","date_gmt":"2025-06-17T18:46:36","guid":{"rendered":"https:\/\/schuetzen-verein.de\/?page_id=540"},"modified":"2025-06-17T20:46:36","modified_gmt":"2025-06-17T18:46:36","slug":"praevention-sexualisierter-gewalt-im-sport","status":"publish","type":"page","link":"https:\/\/schuetzen-verein.de\/?page_id=540","title":{"rendered":"Pr\u00e4vention sexualisierter Gewalt im Sport"},"content":{"rendered":"\n<figure class=\"wp-block-image size-large\"><img loading=\"lazy\" decoding=\"async\" width=\"1024\" height=\"853\" src=\"https:\/\/schuetzen-verein.de\/wp-content\/uploads\/2025\/06\/PSG_bild-1024x853.jpg\" alt=\"\" class=\"wp-image-541\" srcset=\"https:\/\/schuetzen-verein.de\/wp-content\/uploads\/2025\/06\/PSG_bild-1024x853.jpg 1024w, https:\/\/schuetzen-verein.de\/wp-content\/uploads\/2025\/06\/PSG_bild-300x250.jpg 300w, https:\/\/schuetzen-verein.de\/wp-content\/uploads\/2025\/06\/PSG_bild-768x640.jpg 768w, https:\/\/schuetzen-verein.de\/wp-content\/uploads\/2025\/06\/PSG_bild-50x42.jpg 50w, https:\/\/schuetzen-verein.de\/wp-content\/uploads\/2025\/06\/PSG_bild.jpg 1153w\" sizes=\"auto, (max-width: 1024px) 100vw, 1024px\" \/><\/figure>\n\n\n\n<p>Wir vom Vorstand des Sch\u00fctzenvereins L\u00fcerte-Holzhausen e.V. waren uns einig, das Thema &#8222;Pr\u00e4vention Schutz vor sexualisierter Gewalt im Sport (<strong>PSG<\/strong>)&#8220; wollen wir nicht von einem Dachverband <strong>kopieren<\/strong>, wir befassen uns umfangreich damit, um es zu <strong>kapieren<\/strong>. Damit stand nach einem Beratungsgespr\u00e4ch durch eine Mitarbeiterin vom Kreissportbund sofort fest, wir durchlaufen vom Vorstand und mit weiteren interessierten Vereinsmitgliedern die diversen Bausteine, lassen uns schulen und entwickeln ein passendes individuelles Konzept f\u00fcr unseren Verein. Nach \u00fcber einem Jahr und etlichen Schulungstagen konnten wir im Juni 2025 die \u201eAuszeichnung\u201c durch den Landessportbund in Empfang nehmen.<\/p>\n","protected":false},"excerpt":{"rendered":"<p>Wir vom Vorstand des Sch\u00fctzenvereins L\u00fcerte-Holzhausen e.V. waren uns einig, das Thema &#8222;Pr\u00e4vention Schutz vor sexualisierter Gewalt im Sport (PSG)&#8220; [&hellip;]<\/p>\n","protected":false},"author":1,"featured_media":0,"parent":0,"menu_order":0,"comment_status":"closed","ping_status":"closed","template":"","meta":{"site-sidebar-layout":"default","site-content-layout":"","ast-site-content-layout":"default","site-content-style":"default","site-sidebar-style":"default","ast-global-header-display":"","ast-banner-title-visibility":"","ast-main-header-display":"","ast-hfb-above-header-display":"","ast-hfb-below-header-display":"","ast-hfb-mobile-header-display":"","site-post-title":"","ast-breadcrumbs-content":"","ast-featured-img":"","footer-sml-layout":"","ast-disable-related-posts":"","theme-transparent-header-meta":"","adv-header-id-meta":"","stick-header-meta":"","header-above-stick-meta":"","header-main-stick-meta":"","header-below-stick-meta":"","astra-migrate-meta-layouts":"default","ast-page-background-enabled":"default","ast-page-background-meta":{"desktop":{"background-color":"var(--ast-global-color-5)","background-image":"","background-repeat":"repeat","background-position":"center center","background-size":"auto","background-attachment":"scroll","background-type":"","background-media":"","overlay-type":"","overlay-color":"","overlay-opacity":"","overlay-gradient":""},"tablet":{"background-color":"","background-image":"","background-repeat":"repeat","background-position":"center center","background-size":"auto","background-attachment":"scroll","background-type":"","background-media":"","overlay-type":"","overlay-color":"","overlay-opacity":"","overlay-gradient":""},"mobile":{"background-color":"","background-image":"","background-repeat":"repeat","background-position":"center center","background-size":"auto","background-attachment":"scroll","background-type":"","background-media":"","overlay-type":"","overlay-color":"","overlay-opacity":"","overlay-gradient":""}},"ast-content-background-meta":{"desktop":{"background-color":"var(--ast-global-color-4)","background-image":"","background-repeat":"repeat","background-position":"center center","background-size":"auto","background-attachment":"scroll","background-type":"","background-media":"","overlay-type":"","overlay-color":"","overlay-opacity":"","overlay-gradient":""},"tablet":{"background-color":"var(--ast-global-color-4)","background-image":"","background-repeat":"repeat","background-position":"center center","background-size":"auto","background-attachment":"scroll","background-type":"","background-media":"","overlay-type":"","overlay-color":"","overlay-opacity":"","overlay-gradient":""},"mobile":{"background-color":"var(--ast-global-color-4)","background-image":"","background-repeat":"repeat","background-position":"center center","background-size":"auto","background-attachment":"scroll","background-type":"","background-media":"","overlay-type":"","overlay-color":"","overlay-opacity":"","overlay-gradient":""}},"footnotes":""},"class_list":["post-540","page","type-page","status-publish","hentry"],"_links":{"self":[{"href":"https:\/\/schuetzen-verein.de\/index.php?rest_route=\/wp\/v2\/pages\/540","targetHints":{"allow":["GET"]}}],"collection":[{"href":"https:\/\/schuetzen-verein.de\/index.php?rest_route=\/wp\/v2\/pages"}],"about":[{"href":"https:\/\/schuetzen-verein.de\/index.php?rest_route=\/wp\/v2\/types\/page"}],"author":[{"embeddable":true,"href":"https:\/\/schuetzen-verein.de\/index.php?rest_route=\/wp\/v2\/users\/1"}],"replies":[{"embeddable":true,"href":"https:\/\/schuetzen-verein.de\/index.php?rest_route=%2Fwp%2Fv2%2Fcomments&post=540"}],"version-history":[{"count":5,"href":"https:\/\/schuetzen-verein.de\/index.php?rest_route=\/wp\/v2\/pages\/540\/revisions"}],"predecessor-version":[{"id":551,"href":"https:\/\/schuetzen-verein.de\/index.php?rest_route=\/wp\/v2\/pages\/540\/revisions\/551"}],"wp:attachment":[{"href":"https:\/\/schuetzen-verein.de\/index.php?rest_route=%2Fwp%2Fv2%2Fmedia&parent=540"}],"curies":[{"name":"wp","href":"https:\/\/api.w.org\/{rel}","templated":true}]}}