{"id":350,"date":"2024-03-16T06:41:15","date_gmt":"2024-03-16T05:41:15","guid":{"rendered":"https:\/\/schuetzen-verein.de\/?page_id=350"},"modified":"2025-03-03T20:05:43","modified_gmt":"2025-03-03T19:05:43","slug":"standvermietung","status":"publish","type":"page","link":"https:\/\/schuetzen-verein.de\/?page_id=350","title":{"rendered":"Standvermietung"},"content":{"rendered":"\n<p>Vermietung unserer Sch\u00fctzenhalle f\u00fcr Feiern, Seminare, Lehrg\u00e4nge, G\u00e4steschie\u00dfen etc.<\/p>\n\n\n\n<p>F\u00fcr Geburtstagsfeiern (ab 30. Geburtstag), Jubil\u00e4en, Seminare, etc. k\u00f6nnen Sie unsere Sch\u00fctzenhalle anmieten.<\/p>\n\n\n\n<p>Dazu hier ein paar Infos:<\/p>\n\n\n\n<p>Unser Sch\u00fctzenheim bietet Tische und St\u00fchle f\u00fcr etwa 50 Personen nebst Platz f\u00fcr eine Tanzfl\u00e4che. Ein kleiner Nebenraum kann mitgenutzt werden und bietet sich an, um dort z.B. ein B\u00fcffet aufzubauen. Ein Tresen mit Bierzapfanlage sowie Sp\u00fclbecken darf gerne genutzt werden. F\u00fcr Getr\u00e4nke stehen K\u00fchlf\u00e4cher und ein gro\u00dfer K\u00fchlschrank zur Verf\u00fcgung.<\/p>\n\n\n\n<p>F\u00fcr die Getr\u00e4nke haben wir eine Kooperation mit der Firma Artmann Getr\u00e4nkehandel aus Visbek. Getr\u00e4nke w\u00e4ren dann bei diesem H\u00e4ndler zu bestellen (und auch dort zu bezahlen).<\/p>\n\n\n\n<p>Gl\u00e4ser, Geschirr \/ Besteck, Tischdecken, Deko etc. sind selbst mitzubringen. Eine Musikanlage m\u00fcsste ebenso selbst mitgebracht werden.<\/p>\n\n\n\n<p>Parkpl\u00e4tze f\u00fcr PKW stehen auf dem Gel\u00e4nde zur Verf\u00fcgung. Toiletten f\u00fcr Damen und f\u00fcr Herren sind vorhanden (leider kein Behinderten-WC).<\/p>\n\n\n\n<p>Die R\u00e4umlichkeiten werden sauber \u00fcbergeben und m\u00fcssen genauso sauber wieder zur\u00fcckgegeben werden (Putzmittel sind selbst mitzubringen). Entstandener Abfall ist selbst zu entsorgen.<\/p>\n\n\n\n<p>Die Miete f\u00fcr eine (Abend-) Veranstaltung betr\u00e4gt pauschal 250,-\u20ac.<\/p>\n\n\n\n<p>F\u00fcr gemeinn\u00fctzige Vereine sind nach Absprache Sonderkonditionen m\u00f6glich.<\/p>\n\n\n\n<p>F\u00fcr weitere Infos und Fragen schreiben Sie uns gerne \u00fcber unser <a href=\"https:\/\/schuetzen-verein.de\/?page_id=353\" data-type=\"link\" data-id=\"https:\/\/schuetzen-verein.de\/?page_id=353\">Kontaktformular <\/a> an.<\/p>\n","protected":false},"excerpt":{"rendered":"<p>Vermietung unserer Sch\u00fctzenhalle f\u00fcr Feiern, Seminare, Lehrg\u00e4nge, G\u00e4steschie\u00dfen etc. F\u00fcr Geburtstagsfeiern (ab 30. Geburtstag), Jubil\u00e4en, Seminare, etc. k\u00f6nnen Sie unsere [&hellip;]<\/p>\n","protected":false},"author":1,"featured_media":0,"parent":0,"menu_order":0,"comment_status":"closed","ping_status":"closed","template":"","meta":{"site-sidebar-layout":"default","site-content-layout":"","ast-site-content-layout":"default","site-content-style":"default","site-sidebar-style":"default","ast-global-header-display":"","ast-banner-title-visibility":"","ast-main-header-display":"","ast-hfb-above-header-display":"","ast-hfb-below-header-display":"","ast-hfb-mobile-header-display":"","site-post-title":"","ast-breadcrumbs-content":"","ast-featured-img":"","footer-sml-layout":"","ast-disable-related-posts":"","theme-transparent-header-meta":"","adv-header-id-meta":"","stick-header-meta":"","header-above-stick-meta":"","header-main-stick-meta":"","header-below-stick-meta":"","astra-migrate-meta-layouts":"default","ast-page-background-enabled":"default","ast-page-background-meta":{"desktop":{"background-color":"var(--ast-global-color-5)","background-image":"","background-repeat":"repeat","background-position":"center center","background-size":"auto","background-attachment":"scroll","background-type":"","background-media":"","overlay-type":"","overlay-color":"","overlay-opacity":"","overlay-gradient":""},"tablet":{"background-color":"","background-image":"","background-repeat":"repeat","background-position":"center center","background-size":"auto","background-attachment":"scroll","background-type":"","background-media":"","overlay-type":"","overlay-color":"","overlay-opacity":"","overlay-gradient":""},"mobile":{"background-color":"","background-image":"","background-repeat":"repeat","background-position":"center center","background-size":"auto","background-attachment":"scroll","background-type":"","background-media":"","overlay-type":"","overlay-color":"","overlay-opacity":"","overlay-gradient":""}},"ast-content-background-meta":{"desktop":{"background-color":"var(--ast-global-color-4)","background-image":"","background-repeat":"repeat","background-position":"center center","background-size":"auto","background-attachment":"scroll","background-type":"","background-media":"","overlay-type":"","overlay-color":"","overlay-opacity":"","overlay-gradient":""},"tablet":{"background-color":"var(--ast-global-color-4)","background-image":"","background-repeat":"repeat","background-position":"center center","background-size":"auto","background-attachment":"scroll","background-type":"","background-media":"","overlay-type":"","overlay-color":"","overlay-opacity":"","overlay-gradient":""},"mobile":{"background-color":"var(--ast-global-color-4)","background-image":"","background-repeat":"repeat","background-position":"center center","background-size":"auto","background-attachment":"scroll","background-type":"","background-media":"","overlay-type":"","overlay-color":"","overlay-opacity":"","overlay-gradient":""}},"footnotes":""},"class_list":["post-350","page","type-page","status-publish","hentry"],"_links":{"self":[{"href":"https:\/\/schuetzen-verein.de\/index.php?rest_route=\/wp\/v2\/pages\/350","targetHints":{"allow":["GET"]}}],"collection":[{"href":"https:\/\/schuetzen-verein.de\/index.php?rest_route=\/wp\/v2\/pages"}],"about":[{"href":"https:\/\/schuetzen-verein.de\/index.php?rest_route=\/wp\/v2\/types\/page"}],"author":[{"embeddable":true,"href":"https:\/\/schuetzen-verein.de\/index.php?rest_route=\/wp\/v2\/users\/1"}],"replies":[{"embeddable":true,"href":"https:\/\/schuetzen-verein.de\/index.php?rest_route=%2Fwp%2Fv2%2Fcomments&post=350"}],"version-history":[{"count":3,"href":"https:\/\/schuetzen-verein.de\/index.php?rest_route=\/wp\/v2\/pages\/350\/revisions"}],"predecessor-version":[{"id":464,"href":"https:\/\/schuetzen-verein.de\/index.php?rest_route=\/wp\/v2\/pages\/350\/revisions\/464"}],"wp:attachment":[{"href":"https:\/\/schuetzen-verein.de\/index.php?rest_route=%2Fwp%2Fv2%2Fmedia&parent=350"}],"curies":[{"name":"wp","href":"https:\/\/api.w.org\/{rel}","templated":true}]}}