{"id":11,"date":"2021-06-12T10:58:49","date_gmt":"2021-06-12T08:58:49","guid":{"rendered":"https:\/\/schuetzen-verein.de\/?page_id=11"},"modified":"2026-03-17T05:30:45","modified_gmt":"2026-03-17T04:30:45","slug":"impressum","status":"publish","type":"page","link":"https:\/\/schuetzen-verein.de\/?page_id=11","title":{"rendered":"Impressum"},"content":{"rendered":"\n<p>Sch\u00fctzenverein L\u00fcerte-Holzhausen e.V.<br \/>L\u00fcerte 5a, 27793 Wildeshausen<br \/>Telefon: +49 (0) 44 31 \/ 7 15 93<br \/><a href=\"https:\/\/schuetzen-verein.de\/?page_id=320\" data-type=\"page\" data-id=\"320\">Kontakt<\/a><\/p>\n\n\n\n<p>1. Vorsitzende: J\u00f6rn Johannsen<br \/>2. Vorsitzende: Stephen Scholz<br \/>Webmaster: Marc J\u00e4schke =&gt;&nbsp;<a data-type=\"page\" data-id=\"102\" href=\"https:\/\/schuetzen-verein.de\/?page_id=320\">Webmaster<\/a><br \/><\/p>\n\n\n\n<h3 class=\"wp-block-heading\">Urheberrecht<\/h3>\n\n\n\n<p>Das Copyright \u00a9 f\u00fcr die Seiten dieser Pr\u00e4sentation und die darin direkt publizierten Ver\u00f6ffentlichungen liegt, soweit nicht ausdr\u00fccklich anders erw\u00e4hnt, beim Sch\u00fctzenverein L\u00fcerte-Holzhausen e.V. (nachfolgend SV L-H genannt). Bei Verweisen auf fremde Internet-Seiten unterliegen diese dem Copyright der f\u00fcr diese verantwortlichen Personen oder Einrichtungen bzw. gelten die dort hinterlegten Copyright-Angaben. Das Copyright f\u00fcr ver\u00f6ffentlichte, selbst erstellte Objekte verbleibt allein beim SV L-H. Eine Vervielf\u00e4ltigung oder Verwendung solcher Grafiken, Tondokumente, Videosequenzen und Texte in anderen elektronischen oder gedruckten Publikationen ist ohne ausdr\u00fcckliche Zustimmung des SV L-H nicht gestattet.<\/p>\n\n\n\n<h3 class=\"wp-block-heading\">Haftungsausschluss<\/h3>\n\n\n\n<p>1. Inhalt des Online-Angebotes<br \/><br \/>Der SV L-H \u00fcbernimmt keinerlei Gew\u00e4hr f\u00fcr die Aktualit\u00e4t, Korrektheit, Vollst\u00e4ndigkeit oder Qualit\u00e4t der bereitgestellten Informationen. Haftungsanspr\u00fcche gegen den SV L-H, die sich auf Sch\u00e4den materieller oder ideeller Art beziehen, welche durch die Nutzung oder Nichtnutzung der dargebotenen Informationen bzw. durch die Nutzung fehlerhafter und unvollst\u00e4ndiger Informationen verursacht wurden, sind grunds\u00e4tzlich ausgeschlossen, sofern seitens des SV L-H kein nachweislich vors\u00e4tzliches oder grob fahrl\u00e4ssiges Verschulden vorliegt. Alle Angebote sind freibleibend und unverbindlich. Der SV L-H beh\u00e4lt es sich ausdr\u00fccklich vor, Teile der Seiten oder das gesamte Angebot ohne gesonderte Ank\u00fcndigung zu ver\u00e4ndern, zu erg\u00e4nzen, zu l\u00f6schen oder die Ver\u00f6ffentlichung zeitweise oder endg\u00fcltig einzustellen.<\/p>\n\n\n\n<p>2. Verweise und Links<br \/><br \/>F\u00fcr Inhalte von Verweiszielen (\u201eLinks&#8220;), auf die direkt oder indirekt verwiesen wird, haftet der SV L-H nicht. F\u00fcr Inhalte und Sch\u00e4den, die aus der Nutzung oder Nichtnutzung solcherart dargebotener Informationen entstehen, haftet allein der Anbieter der Seite, auf welche verwiesen wurde, nicht derjenige, der \u00fcber Links auf die jeweilige Ver\u00f6ffentlichung lediglich verweist. Diese Einschr\u00e4nkung gilt gleicherma\u00dfen auch f\u00fcr Fremdeintr\u00e4ge in von dem SV L-H eingerichteten G\u00e4steb\u00fcchern, Diskussionsforen und Mailinglisten.<\/p>\n\n\n\n<p>3. Einladungen \/ Ausschreibungen als PDF-Dateien<br \/><br \/>F\u00fcr die Inhalte von Einladungen \/ Ausschreibungen die als PDF-Datei ver\u00f6ffentlicht sind, \u00fcbernimmt der SV L-H keinerlei Haftung. Die einladende Person bzw. der einladende Verein ist hierf\u00fcr verantwortlich.<\/p>\n\n\n\n<h3 class=\"wp-block-heading\">Rechtswirksamkeit dieses Haftungsausschlusses<\/h3>\n\n\n\n<p><strong>Dieser Haftungsausschluss ist als Teil des Internetangebotes des SV L-H zu betrachten, von dem aus auf diese Seite verwiesen wurde.<\/strong><\/p>\n","protected":false},"excerpt":{"rendered":"<p>Sch\u00fctzenverein L\u00fcerte-Holzhausen e.V.L\u00fcerte 5a, 27793 WildeshausenTelefon: +49 (0) 44 31 \/ 7 15 93Kontakt 1. Vorsitzende: J\u00f6rn Johannsen2. Vorsitzende: Stephen [&hellip;]<\/p>\n","protected":false},"author":1,"featured_media":0,"parent":0,"menu_order":0,"comment_status":"closed","ping_status":"closed","template":"","meta":{"site-sidebar-layout":"default","site-content-layout":"","ast-site-content-layout":"default","site-content-style":"default","site-sidebar-style":"default","ast-global-header-display":"","ast-banner-title-visibility":"","ast-main-header-display":"","ast-hfb-above-header-display":"","ast-hfb-below-header-display":"","ast-hfb-mobile-header-display":"","site-post-title":"","ast-breadcrumbs-content":"","ast-featured-img":"","footer-sml-layout":"","ast-disable-related-posts":"","theme-transparent-header-meta":"","adv-header-id-meta":"","stick-header-meta":"","header-above-stick-meta":"","header-main-stick-meta":"","header-below-stick-meta":"","astra-migrate-meta-layouts":"default","ast-page-background-enabled":"default","ast-page-background-meta":{"desktop":{"background-color":"var(--ast-global-color-5)","background-image":"","background-repeat":"repeat","background-position":"center center","background-size":"auto","background-attachment":"scroll","background-type":"","background-media":"","overlay-type":"","overlay-color":"","overlay-opacity":"","overlay-gradient":""},"tablet":{"background-color":"","background-image":"","background-repeat":"repeat","background-position":"center center","background-size":"auto","background-attachment":"scroll","background-type":"","background-media":"","overlay-type":"","overlay-color":"","overlay-opacity":"","overlay-gradient":""},"mobile":{"background-color":"","background-image":"","background-repeat":"repeat","background-position":"center center","background-size":"auto","background-attachment":"scroll","background-type":"","background-media":"","overlay-type":"","overlay-color":"","overlay-opacity":"","overlay-gradient":""}},"ast-content-background-meta":{"desktop":{"background-color":"var(--ast-global-color-4)","background-image":"","background-repeat":"repeat","background-position":"center center","background-size":"auto","background-attachment":"scroll","background-type":"","background-media":"","overlay-type":"","overlay-color":"","overlay-opacity":"","overlay-gradient":""},"tablet":{"background-color":"var(--ast-global-color-4)","background-image":"","background-repeat":"repeat","background-position":"center center","background-size":"auto","background-attachment":"scroll","background-type":"","background-media":"","overlay-type":"","overlay-color":"","overlay-opacity":"","overlay-gradient":""},"mobile":{"background-color":"var(--ast-global-color-4)","background-image":"","background-repeat":"repeat","background-position":"center center","background-size":"auto","background-attachment":"scroll","background-type":"","background-media":"","overlay-type":"","overlay-color":"","overlay-opacity":"","overlay-gradient":""}},"footnotes":""},"class_list":["post-11","page","type-page","status-publish","hentry"],"_links":{"self":[{"href":"https:\/\/schuetzen-verein.de\/index.php?rest_route=\/wp\/v2\/pages\/11","targetHints":{"allow":["GET"]}}],"collection":[{"href":"https:\/\/schuetzen-verein.de\/index.php?rest_route=\/wp\/v2\/pages"}],"about":[{"href":"https:\/\/schuetzen-verein.de\/index.php?rest_route=\/wp\/v2\/types\/page"}],"author":[{"embeddable":true,"href":"https:\/\/schuetzen-verein.de\/index.php?rest_route=\/wp\/v2\/users\/1"}],"replies":[{"embeddable":true,"href":"https:\/\/schuetzen-verein.de\/index.php?rest_route=%2Fwp%2Fv2%2Fcomments&post=11"}],"version-history":[{"count":8,"href":"https:\/\/schuetzen-verein.de\/index.php?rest_route=\/wp\/v2\/pages\/11\/revisions"}],"predecessor-version":[{"id":656,"href":"https:\/\/schuetzen-verein.de\/index.php?rest_route=\/wp\/v2\/pages\/11\/revisions\/656"}],"wp:attachment":[{"href":"https:\/\/schuetzen-verein.de\/index.php?rest_route=%2Fwp%2Fv2%2Fmedia&parent=11"}],"curies":[{"name":"wp","href":"https:\/\/api.w.org\/{rel}","templated":true}]}}